{"id":505,"date":"2021-11-04T10:21:32","date_gmt":"2021-11-04T10:21:32","guid":{"rendered":"http:\/\/3z.com.tr\/index.php\/services\/"},"modified":"2024-06-07T09:46:19","modified_gmt":"2024-06-07T06:46:19","slug":"services","status":"publish","type":"page","link":"https:\/\/3z.com.tr\/index.php\/services\/","title":{"rendered":"Services"},"content":{"rendered":"\t\t<div data-elementor-type=\"wp-page\" data-elementor-id=\"505\" class=\"elementor elementor-505\">\n\t\t\t\t\t\t\t\t\t<section class=\"elementor-section elementor-top-section elementor-element elementor-element-676f307 elementor-section-boxed elementor-section-height-default elementor-section-height-default\" data-id=\"676f307\" data-element_type=\"section\" data-settings=\"{&quot;background_background&quot;:&quot;classic&quot;}\">\n\t\t\t\t\t\t\t<div class=\"elementor-background-overlay\"><\/div>\n\t\t\t\t\t\t\t<div class=\"elementor-container elementor-column-gap-no\">\n\t\t\t\t\t<div class=\"elementor-column elementor-col-100 elementor-top-column elementor-element elementor-element-cfd909f\" data-id=\"cfd909f\" data-element_type=\"column\">\n\t\t\t<div class=\"elementor-widget-wrap elementor-element-populated\">\n\t\t\t\t\t\t\t\t<div class=\"elementor-element elementor-element-fd6730a elementor-widget elementor-widget-heading\" data-id=\"fd6730a\" data-element_type=\"widget\" data-widget_type=\"heading.default\">\n\t\t\t\t<div class=\"elementor-widget-container\">\n\t\t\t<style>\/*! elementor - v3.14.0 - 18-06-2023 *\/\n.elementor-heading-title{padding:0;margin:0;line-height:1}.elementor-widget-heading .elementor-heading-title[class*=elementor-size-]>a{color:inherit;font-size:inherit;line-height:inherit}.elementor-widget-heading .elementor-heading-title.elementor-size-small{font-size:15px}.elementor-widget-heading .elementor-heading-title.elementor-size-medium{font-size:19px}.elementor-widget-heading .elementor-heading-title.elementor-size-large{font-size:29px}.elementor-widget-heading .elementor-heading-title.elementor-size-xl{font-size:39px}.elementor-widget-heading .elementor-heading-title.elementor-size-xxl{font-size:59px}<\/style><h1 class=\"elementor-heading-title elementor-size-default\">yat\u0131r\u0131mc\u0131 ili\u015fkileri<\/h1>\t\t<\/div>\n\t\t\t\t<\/div>\n\t\t\t\t\t<\/div>\n\t\t<\/div>\n\t\t\t\t\t\t\t<\/div>\n\t\t<\/section>\n\t\t\t\t<section class=\"elementor-section elementor-top-section elementor-element elementor-element-62fcd5c elementor-section-boxed elementor-section-height-default elementor-section-height-default\" data-id=\"62fcd5c\" data-element_type=\"section\" data-settings=\"{&quot;background_background&quot;:&quot;classic&quot;}\">\n\t\t\t\t\t\t<div class=\"elementor-container elementor-column-gap-no\">\n\t\t\t\t\t<div class=\"elementor-column elementor-col-100 elementor-top-column elementor-element elementor-element-6096f1b\" data-id=\"6096f1b\" data-element_type=\"column\">\n\t\t\t<div class=\"elementor-widget-wrap elementor-element-populated\">\n\t\t\t\t\t\t\t\t<section class=\"elementor-section elementor-inner-section elementor-element elementor-element-eff919d elementor-section-boxed elementor-section-height-default elementor-section-height-default\" data-id=\"eff919d\" data-element_type=\"section\">\n\t\t\t\t\t\t<div class=\"elementor-container elementor-column-gap-no\">\n\t\t\t\t\t<div class=\"elementor-column elementor-col-100 elementor-inner-column elementor-element elementor-element-7b0bffe\" data-id=\"7b0bffe\" data-element_type=\"column\">\n\t\t\t<div class=\"elementor-widget-wrap elementor-element-populated\">\n\t\t\t\t\t\t\t\t<div class=\"elementor-element elementor-element-ecb1e43 elementor-widget elementor-widget-heading\" data-id=\"ecb1e43\" data-element_type=\"widget\" data-widget_type=\"heading.default\">\n\t\t\t\t<div class=\"elementor-widget-container\">\n\t\t\t<h2 class=\"elementor-heading-title elementor-size-default\">\u015eirketimize ait bilgi ve belgelere a\u015fa\u011f\u0131daki linkten eri\u015febilirsiniz.<\/h2>\t\t<\/div>\n\t\t\t\t<\/div>\n\t\t\t\t\t<\/div>\n\t\t<\/div>\n\t\t\t\t\t\t\t<\/div>\n\t\t<\/section>\n\t\t\t\t<section class=\"elementor-section elementor-inner-section elementor-element elementor-element-bde4e03 elementor-section-boxed elementor-section-height-default elementor-section-height-default\" data-id=\"bde4e03\" data-element_type=\"section\">\n\t\t\t\t\t\t<div class=\"elementor-container elementor-column-gap-no\">\n\t\t\t\t\t<div class=\"elementor-column elementor-col-100 elementor-inner-column elementor-element elementor-element-c105d0d\" data-id=\"c105d0d\" data-element_type=\"column\">\n\t\t\t<div class=\"elementor-widget-wrap\">\n\t\t\t\t\t\t\t\t\t<\/div>\n\t\t<\/div>\n\t\t\t\t\t\t\t<\/div>\n\t\t<\/section>\n\t\t\t\t\t<\/div>\n\t\t<\/div>\n\t\t\t\t\t\t\t<\/div>\n\t\t<\/section>\n\t\t\t\t<section class=\"elementor-section elementor-top-section elementor-element elementor-element-1eb11f4 elementor-section-boxed elementor-section-height-default elementor-section-height-default\" data-id=\"1eb11f4\" data-element_type=\"section\">\n\t\t\t\t\t\t<div class=\"elementor-container elementor-column-gap-default\">\n\t\t\t\t\t<div class=\"elementor-column elementor-col-100 elementor-top-column elementor-element elementor-element-9f031a2\" data-id=\"9f031a2\" data-element_type=\"column\">\n\t\t\t<div class=\"elementor-widget-wrap elementor-element-populated\">\n\t\t\t\t\t\t\t\t<div class=\"elementor-element elementor-element-3ac1426 elementor-widget elementor-widget-html\" data-id=\"3ac1426\" data-element_type=\"widget\" data-widget_type=\"html.default\">\n\t\t\t\t<div class=\"elementor-widget-container\">\n\t\t\t<table cellpadding=\"6\" cellspacing=\"6\" style=\"width: 100%;\"><tr><td valign=\"middle\" width=\"25%\"><div class=\"gwt-HTML control-label line-height-32px txtGreenEsir010 bold\">\u015e\u0130RKET T\u00dcR\u00dc<\/div><\/td><td valign=\"middle\" width=\"75%\"><div class=\"GCQF0SCBKI\">A.\u015e.<\/div><\/td><\/tr><tr><td valign=\"middle\" width=\"25%\"><div class=\"gwt-HTML control-label line-height-32px txtGreenEsir010 bold\">MERSIS<\/div><\/td><td valign=\"middle\" width=\"75%\"><div class=\"GCQF0SCBKI\">0001083512300014<\/div><\/td><\/tr><tr><td valign=\"middle\" width=\"25%\"><div class=\"gwt-HTML control-label line-height-32px txtGreenEsir010 bold\">T\u0130CARET S\u0130C\u0130L MEMURLU\u011eU<\/div><\/td><td valign=\"middle\" width=\"75%\"><div class=\"GCQF0SCBKI\">\u0130STANBUL<\/div><\/td><\/tr><tr><td valign=\"middle\" width=\"25%\"><div class=\"gwt-HTML control-label line-height-32px txtGreenEsir010 bold\">T\u0130CARET S\u0130C\u0130L NUMARASI<\/div><\/td><td valign=\"middle\" width=\"75%\"><div class=\"GCQF0SCBKI\">934513-0<\/div><\/td><\/tr><tr><td valign=\"middle\" width=\"25%\"><div class=\"gwt-HTML control-label line-height-32px txtGreenEsir010 bold\">T\u0130CARET \u00dcNVANI<\/div><\/td><td valign=\"middle\" width=\"75%\"><div class=\"gwt-HTML control-label line-height-32px GCQF0SCBKI GCQF0SCBLI\">3Z GAYR\u0130MENKUL YATIRIMLARI A.\u015e.<\/div><\/td><\/tr><tr><td valign=\"middle\" width=\"25%\"><div class=\"gwt-HTML control-label line-height-32px txtGreenEsir010 bold\">ADRES<\/div><\/td><td valign=\"middle\" width=\"75%\"><div class=\"GCQF0SCBKI\">Semizkumlar Mah. Ba\u015fkumandan Mustafa Kemal Cad. No:40 Silivri \/ \u0130stanbul<\/div><\/td><\/tr><tr><td valign=\"middle\" width=\"25%\"><div class=\"gwt-HTML control-label line-height-32px txtGreenEsir010 bold\">TAAHH\u00dcT ED\u0130LEN SERMAYE M\u0130KTARI<\/div><\/td><td valign=\"middle\" width=\"75%\"><div class=\"GCQF0SCBKI\">13.000.000,00\n<\/div><\/td><\/tr><tr><td valign=\"middle\" width=\"25%\"><div class=\"gwt-HTML control-label line-height-32px txtGreenEsir010 bold\">\u00d6DENEN SERMAYE M\u0130KTARI<\/div><\/td><td valign=\"middle\" width=\"75%\"><div class=\"GCQF0SCBKI\">13.000.000,00\n<\/div><\/td><\/tr><tr><td valign=\"middle\" width=\"25%\"><div class=\"gwt-HTML control-label line-height-32px txtGreenEsir010 bold\">KAYITLI SERMAYE TAVANI<\/div><\/td><td valign=\"middle\" width=\"75%\"><div class=\"GCQF0SCBKI\"><\/div><\/td><\/tr><tr><td valign=\"middle\" width=\"25%\"><div class=\"gwt-HTML control-label line-height-32px txtGreenEsir010 bold\">\u015e\u0130RKET TESC\u0130L TAR\u0130H\u0130<\/div><\/td><td valign=\"middle\" width=\"75%\"><div class=\"GCQF0SCBKI\">14-08-2014\n<\/div><\/td><\/tr><tr><td valign=\"middle\" width=\"25%\"><div class=\"gwt-HTML control-label line-height-32px txtGreenEsir010 bold\">VERG\u0130 DA\u0130RES\u0130<\/div><\/td><td valign=\"middle\" width=\"25%\"><div class=\"GCQF0SCBKI\">\u0130STANBUL - Silivri Vergi Dairesi M\u00fcd\u00fcrl\u00fc\u011f\u00fc<\/div><\/td><\/tr><tr><td valign=\"middle\" width=\"25%\"><div class=\"gwt-HTML control-label line-height-32px txtGreenEsir010 bold\">VERG\u0130 NUMARASI<\/div><\/td><td valign=\"middle\" width=\"75%\"><div class=\"GCQF0SCBKI\">001 083 5123<\/div><\/td><\/tr><tr><td valign=\"middle\" width=\"25%\"><div class=\"gwt-HTML control-label line-height-32px txtGreenEsir010 bold\">SEKT\u00d6R<\/div><\/td><td valign=\"middle\" width=\"75%\"><div class=\"GCQF0SCBKI\">Kendine ait veya kiralanan gayrimenkullerin kiraya verilmesi veya leasingi (kendine ait binalar, devre m\u00fclkler, araziler, m\u00fcstakil evler, vb.)\n<\/div><\/td><\/tr>\n\n<tr><td valign=\"middle\" width=\"25%\"><div class=\"gwt-HTML control-label line-height-32px txtGreenEsir010 bold\">Y\u00d6NET\u0130M KURULU BA\u015eKANI<\/div><\/td><td valign=\"middle\" width=\"75%\"><div class=\"GCQF0SCBKI\">Mustafa Zeki SARIBEK\u0130R\n\n<\/div><\/td><\/tr>\n\n<tr><td valign=\"middle\" width=\"25%\"><div class=\"gwt-HTML control-label line-height-32px txtGreenEsir010 bold\">Y\u00d6NET\u0130M KURULU \u00dcYELER\u0130<\/div><\/td><td valign=\"middle\" width=\"75%\"><div class=\"GCQF0SCBKI\">Mustafa Yusuf SARIBEK\u0130R, Didem Zeynep O\u011eUZ, Z\u00fclfikar Adnan Aykol\n\n<\/div><\/td><\/tr>\n\n<tr><td valign=\"middle\" width=\"25%\" ><div class=\"gwt-HTML control-label line-height-32px txtGreenEsir010 bold\">\u0130LET\u0130\u015e\u0130M B\u0130LG\u0130LER\u0130<\/div><\/td><td valign=\"middle\" width=\"75%\">\n    \n    <table cellpadding=\"2\" cellspacing=\"2\" style=\"width: 100%;\"><tr><td valign=\"middle\"><div class=\"txtGreenEsir010\">Telefon : <\/div><\/td><td valign=\"middle\"><div class=\"gwt-HTML control-label line-height-32px\">0 212 275 76 60<\/div><\/td><\/tr>\n        \n        <tr><td valign=\"middle\"><div class=\"txtGreenEsir010\">Faks : <\/div><\/td><td valign=\"middle\"><div class=\"gwt-HTML control-label line-height-32px\">0 212 272 34 17<\/div><\/td><\/tr><\/table>\n    \n    <table cellpadding=\"2\" cellspacing=\"2\" style=\"width: 100%;\"><tr><td valign=\"middle\" width=\"25%\"><div class=\"txtGreenEsir010\">\u0130nternet Adresi :<\/div><\/td><td valign=\"middle\"><div class=\"gwt-HTML control-label line-height-32px\">www.3z.com.tr<\/div><\/td><\/tr><\/table>\n    \n<\/td><\/tr><\/table>\t\t<\/div>\n\t\t\t\t<\/div>\n\t\t\t\t<div class=\"elementor-element elementor-element-595b78d elementor-widget elementor-widget-text-editor\" data-id=\"595b78d\" data-element_type=\"widget\" data-widget_type=\"text-editor.default\">\n\t\t\t\t<div class=\"elementor-widget-container\">\n\t\t\t<style>\/*! elementor - v3.14.0 - 18-06-2023 *\/\n.elementor-widget-text-editor.elementor-drop-cap-view-stacked .elementor-drop-cap{background-color:#69727d;color:#fff}.elementor-widget-text-editor.elementor-drop-cap-view-framed .elementor-drop-cap{color:#69727d;border:3px solid;background-color:transparent}.elementor-widget-text-editor:not(.elementor-drop-cap-view-default) .elementor-drop-cap{margin-top:8px}.elementor-widget-text-editor:not(.elementor-drop-cap-view-default) .elementor-drop-cap-letter{width:1em;height:1em}.elementor-widget-text-editor .elementor-drop-cap{float:left;text-align:center;line-height:1;font-size:50px}.elementor-widget-text-editor .elementor-drop-cap-letter{display:inline-block}<\/style>\t\t\t\t<p>Daha Detayl\u0131 Bilgi i\u00e7in&#8230;<\/p>\t\t\t\t\t\t<\/div>\n\t\t\t\t<\/div>\n\t\t\t\t<div class=\"elementor-element elementor-element-24dc6fd elementor-align-left elementor-widget elementor-widget-button\" data-id=\"24dc6fd\" data-element_type=\"widget\" data-widget_type=\"button.default\">\n\t\t\t\t<div class=\"elementor-widget-container\">\n\t\t\t\t\t<div class=\"elementor-button-wrapper\">\n\t\t\t<a class=\"elementor-button elementor-button-link elementor-size-sm\" href=\"https:\/\/e-sirket.mkk.com.tr\/?page=company&#038;company=24208\" target=\"_blank\">\n\t\t\t\t\t\t<span class=\"elementor-button-content-wrapper\">\n\t\t\t\t\t\t<span class=\"elementor-button-text\">E-\u015eirket<\/span>\n\t\t<\/span>\n\t\t\t\t\t<\/a>\n\t\t<\/div>\n\t\t\t\t<\/div>\n\t\t\t\t<\/div>\n\t\t\t\t\t<\/div>\n\t\t<\/div>\n\t\t\t\t\t\t\t<\/div>\n\t\t<\/section>\n\t\t\t\t\t\t\t<\/div>\n\t\t","protected":false},"excerpt":{"rendered":"<p>yat\u0131r\u0131mc\u0131 ili\u015fkileri \u015eirketimize ait bilgi ve belgelere a\u015fa\u011f\u0131daki linkten eri\u015febilirsiniz. \u015e\u0130RKET T\u00dcR\u00dc A.\u015e. MERSIS 0001083512300014 T\u0130CARET S\u0130C\u0130L MEMURLU\u011eU \u0130STANBUL T\u0130CARET S\u0130C\u0130L NUMARASI 934513-0 T\u0130CARET \u00dcNVANI 3Z GAYR\u0130MENKUL YATIRIMLARI A.\u015e. ADRES Semizkumlar Mah. Ba\u015fkumandan Mustafa Kemal Cad. No:40 Silivri \/ \u0130stanbul TAAHH\u00dcT ED\u0130LEN SERMAYE M\u0130KTARI 13.000.000,00 \u00d6DENEN SERMAYE M\u0130KTARI 13.000.000,00 KAYITLI SERMAYE TAVANI \u015e\u0130RKET TESC\u0130L TAR\u0130H\u0130 &hellip;<\/p>\n<p class=\"read-more\"> <a class=\"\" href=\"https:\/\/3z.com.tr\/index.php\/services\/\"> <span class=\"screen-reader-text\">Services<\/span> Read More &raquo;<\/a><\/p>\n","protected":false},"author":1,"featured_media":0,"parent":0,"menu_order":0,"comment_status":"closed","ping_status":"closed","template":"","meta":{"site-sidebar-layout":"no-sidebar","site-content-layout":"page-builder","ast-global-header-display":"","ast-banner-title-visibility":"","ast-main-header-display":"","ast-hfb-above-header-display":"","ast-hfb-below-header-display":"","ast-hfb-mobile-header-display":"","site-post-title":"disabled","ast-breadcrumbs-content":"disabled","ast-featured-img":"disabled","footer-sml-layout":"","theme-transparent-header-meta":"enabled","adv-header-id-meta":"","stick-header-meta":"","header-above-stick-meta":"","header-main-stick-meta":"","header-below-stick-meta":"","footnotes":""},"class_list":["post-505","page","type-page","status-publish","hentry"],"_links":{"self":[{"href":"https:\/\/3z.com.tr\/index.php\/wp-json\/wp\/v2\/pages\/505","targetHints":{"allow":["GET"]}}],"collection":[{"href":"https:\/\/3z.com.tr\/index.php\/wp-json\/wp\/v2\/pages"}],"about":[{"href":"https:\/\/3z.com.tr\/index.php\/wp-json\/wp\/v2\/types\/page"}],"author":[{"embeddable":true,"href":"https:\/\/3z.com.tr\/index.php\/wp-json\/wp\/v2\/users\/1"}],"replies":[{"embeddable":true,"href":"https:\/\/3z.com.tr\/index.php\/wp-json\/wp\/v2\/comments?post=505"}],"version-history":[{"count":28,"href":"https:\/\/3z.com.tr\/index.php\/wp-json\/wp\/v2\/pages\/505\/revisions"}],"predecessor-version":[{"id":560,"href":"https:\/\/3z.com.tr\/index.php\/wp-json\/wp\/v2\/pages\/505\/revisions\/560"}],"wp:attachment":[{"href":"https:\/\/3z.com.tr\/index.php\/wp-json\/wp\/v2\/media?parent=505"}],"curies":[{"name":"wp","href":"https:\/\/api.w.org\/{rel}","templated":true}]}}